{"id":156,"date":"2016-11-30T19:51:00","date_gmt":"2016-11-30T19:51:00","guid":{"rendered":"http:\/\/kooka.org\/loja\/produto\/marcador-de-livros-ml011\/"},"modified":"2016-12-04T18:26:34","modified_gmt":"2016-12-04T18:26:34","slug":"marcador-de-livros-ml011","status":"publish","type":"product","link":"https:\/\/kooka.org\/loja\/produto\/marcador-de-livros-ml011\/","title":{"rendered":"Marcador de Livros ML011"},"content":{"rendered":"<p>Clip de metal em tom de ouro velho com aplica\u00e7\u00e3o de tecido de algod\u00e3o estampado.<\/p>\n<p>Perfeito para marcador de livros.<\/p>\n","protected":false},"excerpt":{"rendered":"<p>Clip de metal em tom de ouro velho com aplica\u00e7\u00e3o de tecido de algod\u00e3o estampado.<\/p>\n<p>Perfeito para marcador de livros.<\/p>\n","protected":false},"featured_media":115,"comment_status":"open","ping_status":"closed","template":"","meta":{"om_disable_all_campaigns":false,"_monsterinsights_skip_tracking":false,"_monsterinsights_sitenote_active":false,"_monsterinsights_sitenote_note":"","_monsterinsights_sitenote_category":0,"jetpack_publicize_message":"","jetpack_publicize_feature_enabled":true,"jetpack_social_post_already_shared":false,"jetpack_social_options":{"image_generator_settings":{"template":"highway","enabled":false},"version":2}},"product_cat":[22],"product_tag":[],"jetpack_publicize_connections":[],"jetpack_sharing_enabled":true,"_links":{"self":[{"href":"https:\/\/kooka.org\/loja\/wp-json\/wp\/v2\/product\/156"}],"collection":[{"href":"https:\/\/kooka.org\/loja\/wp-json\/wp\/v2\/product"}],"about":[{"href":"https:\/\/kooka.org\/loja\/wp-json\/wp\/v2\/types\/product"}],"replies":[{"embeddable":true,"href":"https:\/\/kooka.org\/loja\/wp-json\/wp\/v2\/comments?post=156"}],"wp:featuredmedia":[{"embeddable":true,"href":"https:\/\/kooka.org\/loja\/wp-json\/wp\/v2\/media\/115"}],"wp:attachment":[{"href":"https:\/\/kooka.org\/loja\/wp-json\/wp\/v2\/media?parent=156"}],"wp:term":[{"taxonomy":"product_cat","embeddable":true,"href":"https:\/\/kooka.org\/loja\/wp-json\/wp\/v2\/product_cat?post=156"},{"taxonomy":"product_tag","embeddable":true,"href":"https:\/\/kooka.org\/loja\/wp-json\/wp\/v2\/product_tag?post=156"}],"curies":[{"name":"wp","href":"https:\/\/api.w.org\/{rel}","templated":true}]}}