{"id":328,"date":"2016-12-04T00:51:36","date_gmt":"2016-12-04T00:51:36","guid":{"rendered":"http:\/\/kooka.org\/loja\/produto\/brincos-brc008\/"},"modified":"2016-12-04T18:08:59","modified_gmt":"2016-12-04T18:08:59","slug":"brincos-brc008","status":"publish","type":"product","link":"https:\/\/kooka.org\/loja\/produto\/brincos-brc008\/","title":{"rendered":"Brincos Brc008"},"content":{"rendered":"<p>Base met\u00e1lica trabalhada em tom de ouro velho com aplica\u00e7\u00e3o de tecido 100% algod\u00e3o.<\/p>\n<p>&nbsp;<\/p>\n<p>Di\u00e2metro: 2,5 cm<\/p>\n","protected":false},"excerpt":{"rendered":"<p>Base met\u00e1lica trabalhada em tom de ouro velho com aplica\u00e7\u00e3o de tecido 100% algod\u00e3o.<\/p>\n<p>&nbsp;<\/p>\n<p>Di\u00e2metro: 2,5 cm<\/p>\n","protected":false},"featured_media":326,"comment_status":"open","ping_status":"closed","template":"","meta":{"om_disable_all_campaigns":false,"_monsterinsights_skip_tracking":false,"_monsterinsights_sitenote_active":false,"_monsterinsights_sitenote_note":"","_monsterinsights_sitenote_category":0,"jetpack_publicize_message":"","jetpack_publicize_feature_enabled":true,"jetpack_social_post_already_shared":false,"jetpack_social_options":{"image_generator_settings":{"template":"highway","enabled":false},"version":2}},"product_cat":[24],"product_tag":[],"jetpack_publicize_connections":[],"jetpack_sharing_enabled":true,"_links":{"self":[{"href":"https:\/\/kooka.org\/loja\/wp-json\/wp\/v2\/product\/328"}],"collection":[{"href":"https:\/\/kooka.org\/loja\/wp-json\/wp\/v2\/product"}],"about":[{"href":"https:\/\/kooka.org\/loja\/wp-json\/wp\/v2\/types\/product"}],"replies":[{"embeddable":true,"href":"https:\/\/kooka.org\/loja\/wp-json\/wp\/v2\/comments?post=328"}],"wp:featuredmedia":[{"embeddable":true,"href":"https:\/\/kooka.org\/loja\/wp-json\/wp\/v2\/media\/326"}],"wp:attachment":[{"href":"https:\/\/kooka.org\/loja\/wp-json\/wp\/v2\/media?parent=328"}],"wp:term":[{"taxonomy":"product_cat","embeddable":true,"href":"https:\/\/kooka.org\/loja\/wp-json\/wp\/v2\/product_cat?post=328"},{"taxonomy":"product_tag","embeddable":true,"href":"https:\/\/kooka.org\/loja\/wp-json\/wp\/v2\/product_tag?post=328"}],"curies":[{"name":"wp","href":"https:\/\/api.w.org\/{rel}","templated":true}]}}