{"id":678,"date":"2022-11-05T22:54:10","date_gmt":"2022-11-05T22:54:10","guid":{"rendered":"https:\/\/kooka.org\/loja\/?post_type=product&#038;p=678"},"modified":"2022-11-05T22:54:10","modified_gmt":"2022-11-05T22:54:10","slug":"porta-moedas-redondo-pac038","status":"publish","type":"product","link":"https:\/\/kooka.org\/loja\/produto\/porta-moedas-redondo-pac038\/","title":{"rendered":"Porta-moedas redondo PAC038"},"content":{"rendered":"<p>Porta-moedas redondo, com fecho tradicional de press\u00e3o lateral (pac-pac).<\/p>\n<p>Para abrir, \u00e9 necess\u00e1rio pressionar as laterais, tal como nos porta-moedas de antigamente.<\/p>\n<p>O sistema met\u00e1lico de fecho est\u00e1 preparado para n\u00e3o perder a press\u00e3o e n\u00e3o deixar sair o conte\u00fado do interior.<\/p>\n<p>Tecido 100% algod\u00e3o.<\/p>\n","protected":false},"excerpt":{"rendered":"<p>Porta-moedas redondo, com fecho tradicional de press\u00e3o lateral (pac-pac). Para abrir, \u00e9 necess\u00e1rio pressionar as laterais, tal como nos porta-moedas de antigamente. O sistema met\u00e1lico de fecho est\u00e1 preparado para n\u00e3o perder a press\u00e3o e n\u00e3o deixar sair o conte\u00fado do interior. Tecido 100% algod\u00e3o.<\/p>\n","protected":false},"featured_media":655,"comment_status":"open","ping_status":"closed","template":"","meta":{"om_disable_all_campaigns":false,"_monsterinsights_skip_tracking":false,"_monsterinsights_sitenote_active":false,"_monsterinsights_sitenote_note":"","_monsterinsights_sitenote_category":0,"jetpack_publicize_message":"","jetpack_publicize_feature_enabled":true,"jetpack_social_post_already_shared":true,"jetpack_social_options":{"image_generator_settings":{"template":"highway","enabled":false},"version":2}},"product_cat":[37],"product_tag":[],"jetpack_publicize_connections":[],"jetpack_sharing_enabled":true,"_links":{"self":[{"href":"https:\/\/kooka.org\/loja\/wp-json\/wp\/v2\/product\/678"}],"collection":[{"href":"https:\/\/kooka.org\/loja\/wp-json\/wp\/v2\/product"}],"about":[{"href":"https:\/\/kooka.org\/loja\/wp-json\/wp\/v2\/types\/product"}],"replies":[{"embeddable":true,"href":"https:\/\/kooka.org\/loja\/wp-json\/wp\/v2\/comments?post=678"}],"wp:featuredmedia":[{"embeddable":true,"href":"https:\/\/kooka.org\/loja\/wp-json\/wp\/v2\/media\/655"}],"wp:attachment":[{"href":"https:\/\/kooka.org\/loja\/wp-json\/wp\/v2\/media?parent=678"}],"wp:term":[{"taxonomy":"product_cat","embeddable":true,"href":"https:\/\/kooka.org\/loja\/wp-json\/wp\/v2\/product_cat?post=678"},{"taxonomy":"product_tag","embeddable":true,"href":"https:\/\/kooka.org\/loja\/wp-json\/wp\/v2\/product_tag?post=678"}],"curies":[{"name":"wp","href":"https:\/\/api.w.org\/{rel}","templated":true}]}}