{"id":687,"date":"2022-11-05T23:36:54","date_gmt":"2022-11-05T23:36:54","guid":{"rendered":"https:\/\/kooka.org\/loja\/?post_type=product&#038;p=687"},"modified":"2022-11-05T23:36:55","modified_gmt":"2022-11-05T23:36:55","slug":"porta-moedas-petite-ptt006","status":"publish","type":"product","link":"https:\/\/kooka.org\/loja\/produto\/porta-moedas-petite-ptt006\/","title":{"rendered":"Porta-moedas Petite PTT006"},"content":{"rendered":"<p>Bolsa rectangular pequena para cart\u00f5es e moedas com fecho \u00e9clair.<\/p>\n<p>Tecido 100% algod\u00e3o de inspira\u00e7\u00e3o japonesa.<\/p>\n","protected":false},"excerpt":{"rendered":"<p>Bolsa rectangular pequena para cart\u00f5es e moedas com fecho \u00e9clair. Tecido 100% algod\u00e3o de inspira\u00e7\u00e3o japonesa.<\/p>\n","protected":false},"featured_media":689,"comment_status":"open","ping_status":"closed","template":"","meta":{"om_disable_all_campaigns":false,"_monsterinsights_skip_tracking":false,"_monsterinsights_sitenote_active":false,"_monsterinsights_sitenote_note":"","_monsterinsights_sitenote_category":0,"jetpack_publicize_message":"","jetpack_publicize_feature_enabled":true,"jetpack_social_post_already_shared":true,"jetpack_social_options":{"image_generator_settings":{"template":"highway","enabled":false},"version":2}},"product_cat":[8],"product_tag":[],"jetpack_publicize_connections":[],"jetpack_sharing_enabled":true,"_links":{"self":[{"href":"https:\/\/kooka.org\/loja\/wp-json\/wp\/v2\/product\/687"}],"collection":[{"href":"https:\/\/kooka.org\/loja\/wp-json\/wp\/v2\/product"}],"about":[{"href":"https:\/\/kooka.org\/loja\/wp-json\/wp\/v2\/types\/product"}],"replies":[{"embeddable":true,"href":"https:\/\/kooka.org\/loja\/wp-json\/wp\/v2\/comments?post=687"}],"wp:featuredmedia":[{"embeddable":true,"href":"https:\/\/kooka.org\/loja\/wp-json\/wp\/v2\/media\/689"}],"wp:attachment":[{"href":"https:\/\/kooka.org\/loja\/wp-json\/wp\/v2\/media?parent=687"}],"wp:term":[{"taxonomy":"product_cat","embeddable":true,"href":"https:\/\/kooka.org\/loja\/wp-json\/wp\/v2\/product_cat?post=687"},{"taxonomy":"product_tag","embeddable":true,"href":"https:\/\/kooka.org\/loja\/wp-json\/wp\/v2\/product_tag?post=687"}],"curies":[{"name":"wp","href":"https:\/\/api.w.org\/{rel}","templated":true}]}}