{"id":740,"date":"2022-11-06T18:35:50","date_gmt":"2022-11-06T18:35:50","guid":{"rendered":"https:\/\/kooka.org\/loja\/?post_type=product&#038;p=740"},"modified":"2022-11-06T18:38:16","modified_gmt":"2022-11-06T18:38:16","slug":"porta-moedas-piramide-prd022bolsa-porta-moedas-em-formato-piramide-com-mosquetao-para-porta-chaves-nao-perde-o-formato-tecido-100-algodao","status":"publish","type":"product","link":"https:\/\/kooka.org\/loja\/produto\/porta-moedas-piramide-prd022bolsa-porta-moedas-em-formato-piramide-com-mosquetao-para-porta-chaves-nao-perde-o-formato-tecido-100-algodao\/","title":{"rendered":"Porta-moedas pir\u00e2mide PRD022"},"content":{"rendered":"<p>Bolsa porta-moedas em formato pir\u00e2mide, com mosquet\u00e3o para porta-chaves.<\/p>\n<p>N\u00e3o perde o formato.<\/p>\n<div>\n<p>Tecido 100% algod\u00e3o.<\/p>\n<\/div>\n","protected":false},"excerpt":{"rendered":"<p>Bolsa porta-moedas em formato pir\u00e2mide, com mosquet\u00e3o para porta-chaves. N\u00e3o perde o formato. Tecido 100% algod\u00e3o.<\/p>\n","protected":false},"featured_media":708,"comment_status":"open","ping_status":"closed","template":"","meta":{"om_disable_all_campaigns":false,"_monsterinsights_skip_tracking":false,"_monsterinsights_sitenote_active":false,"_monsterinsights_sitenote_note":"","_monsterinsights_sitenote_category":0,"jetpack_publicize_message":"","jetpack_publicize_feature_enabled":true,"jetpack_social_post_already_shared":true,"jetpack_social_options":{"image_generator_settings":{"template":"highway","enabled":false},"version":2}},"product_cat":[38],"product_tag":[],"jetpack_publicize_connections":[],"jetpack_sharing_enabled":true,"_links":{"self":[{"href":"https:\/\/kooka.org\/loja\/wp-json\/wp\/v2\/product\/740"}],"collection":[{"href":"https:\/\/kooka.org\/loja\/wp-json\/wp\/v2\/product"}],"about":[{"href":"https:\/\/kooka.org\/loja\/wp-json\/wp\/v2\/types\/product"}],"replies":[{"embeddable":true,"href":"https:\/\/kooka.org\/loja\/wp-json\/wp\/v2\/comments?post=740"}],"wp:featuredmedia":[{"embeddable":true,"href":"https:\/\/kooka.org\/loja\/wp-json\/wp\/v2\/media\/708"}],"wp:attachment":[{"href":"https:\/\/kooka.org\/loja\/wp-json\/wp\/v2\/media?parent=740"}],"wp:term":[{"taxonomy":"product_cat","embeddable":true,"href":"https:\/\/kooka.org\/loja\/wp-json\/wp\/v2\/product_cat?post=740"},{"taxonomy":"product_tag","embeddable":true,"href":"https:\/\/kooka.org\/loja\/wp-json\/wp\/v2\/product_tag?post=740"}],"curies":[{"name":"wp","href":"https:\/\/api.w.org\/{rel}","templated":true}]}}