{"id":774,"date":"2022-11-06T20:25:07","date_gmt":"2022-11-06T20:25:07","guid":{"rendered":"https:\/\/kooka.org\/loja\/?post_type=product&#038;p=774"},"modified":"2022-11-06T20:25:07","modified_gmt":"2022-11-06T20:25:07","slug":"pulseira-pls015","status":"publish","type":"product","link":"https:\/\/kooka.org\/loja\/produto\/pulseira-pls015\/","title":{"rendered":"Pulseira Pls015"},"content":{"rendered":"<p>Pulseira\/punho em tecido 100% algod\u00e3o de inspira\u00e7\u00e3o japonesa.<\/p>\n<p>Fecha com el\u00e1stico em bot\u00e3o, ajust\u00e1vel a v\u00e1rios pulsos.<\/p>\n","protected":false},"excerpt":{"rendered":"<p>Pulseira\/punho em tecido 100% algod\u00e3o de inspira\u00e7\u00e3o japonesa. Fecha com el\u00e1stico em bot\u00e3o, ajust\u00e1vel a v\u00e1rios pulsos.<\/p>\n","protected":false},"featured_media":750,"comment_status":"open","ping_status":"closed","template":"","meta":{"om_disable_all_campaigns":false,"_monsterinsights_skip_tracking":false,"_monsterinsights_sitenote_active":false,"_monsterinsights_sitenote_note":"","_monsterinsights_sitenote_category":0,"jetpack_publicize_message":"","jetpack_publicize_feature_enabled":true,"jetpack_social_post_already_shared":true,"jetpack_social_options":{"image_generator_settings":{"template":"highway","enabled":false},"version":2}},"product_cat":[26],"product_tag":[],"jetpack_publicize_connections":[],"jetpack_sharing_enabled":true,"_links":{"self":[{"href":"https:\/\/kooka.org\/loja\/wp-json\/wp\/v2\/product\/774"}],"collection":[{"href":"https:\/\/kooka.org\/loja\/wp-json\/wp\/v2\/product"}],"about":[{"href":"https:\/\/kooka.org\/loja\/wp-json\/wp\/v2\/types\/product"}],"replies":[{"embeddable":true,"href":"https:\/\/kooka.org\/loja\/wp-json\/wp\/v2\/comments?post=774"}],"wp:featuredmedia":[{"embeddable":true,"href":"https:\/\/kooka.org\/loja\/wp-json\/wp\/v2\/media\/750"}],"wp:attachment":[{"href":"https:\/\/kooka.org\/loja\/wp-json\/wp\/v2\/media?parent=774"}],"wp:term":[{"taxonomy":"product_cat","embeddable":true,"href":"https:\/\/kooka.org\/loja\/wp-json\/wp\/v2\/product_cat?post=774"},{"taxonomy":"product_tag","embeddable":true,"href":"https:\/\/kooka.org\/loja\/wp-json\/wp\/v2\/product_tag?post=774"}],"curies":[{"name":"wp","href":"https:\/\/api.w.org\/{rel}","templated":true}]}}