{"id":808,"date":"2022-11-07T19:54:54","date_gmt":"2022-11-07T19:54:54","guid":{"rendered":"https:\/\/kooka.org\/loja\/?post_type=product&#038;p=808"},"modified":"2022-11-07T19:54:54","modified_gmt":"2022-11-07T19:54:54","slug":"porta-moedas-piramide-prd024","status":"publish","type":"product","link":"https:\/\/kooka.org\/loja\/produto\/porta-moedas-piramide-prd024\/","title":{"rendered":"Porta-moedas pir\u00e2mide PRD024"},"content":{"rendered":"<p>Bolsa porta-moedas em formato pir\u00e2mide, com mosquet\u00e3o para porta-chaves.<\/p>\n<p>N\u00e3o perde o formato.<\/p>\n<div>\n<p>Tecido 100% algod\u00e3o de inspira\u00e7\u00e3o japonesa.<\/p>\n<\/div>\n","protected":false},"excerpt":{"rendered":"<p>Bolsa porta-moedas em formato pir\u00e2mide, com mosquet\u00e3o para porta-chaves. N\u00e3o perde o formato. Tecido 100% algod\u00e3o de inspira\u00e7\u00e3o japonesa.<\/p>\n","protected":false},"featured_media":807,"comment_status":"open","ping_status":"closed","template":"","meta":{"om_disable_all_campaigns":false,"_monsterinsights_skip_tracking":false,"_monsterinsights_sitenote_active":false,"_monsterinsights_sitenote_note":"","_monsterinsights_sitenote_category":0,"jetpack_publicize_message":"","jetpack_publicize_feature_enabled":true,"jetpack_social_post_already_shared":true,"jetpack_social_options":{"image_generator_settings":{"template":"highway","enabled":false},"version":2}},"product_cat":[38],"product_tag":[],"jetpack_publicize_connections":[],"jetpack_sharing_enabled":true,"_links":{"self":[{"href":"https:\/\/kooka.org\/loja\/wp-json\/wp\/v2\/product\/808"}],"collection":[{"href":"https:\/\/kooka.org\/loja\/wp-json\/wp\/v2\/product"}],"about":[{"href":"https:\/\/kooka.org\/loja\/wp-json\/wp\/v2\/types\/product"}],"replies":[{"embeddable":true,"href":"https:\/\/kooka.org\/loja\/wp-json\/wp\/v2\/comments?post=808"}],"wp:featuredmedia":[{"embeddable":true,"href":"https:\/\/kooka.org\/loja\/wp-json\/wp\/v2\/media\/807"}],"wp:attachment":[{"href":"https:\/\/kooka.org\/loja\/wp-json\/wp\/v2\/media?parent=808"}],"wp:term":[{"taxonomy":"product_cat","embeddable":true,"href":"https:\/\/kooka.org\/loja\/wp-json\/wp\/v2\/product_cat?post=808"},{"taxonomy":"product_tag","embeddable":true,"href":"https:\/\/kooka.org\/loja\/wp-json\/wp\/v2\/product_tag?post=808"}],"curies":[{"name":"wp","href":"https:\/\/api.w.org\/{rel}","templated":true}]}}